{"id":66,"date":"2025-12-29T11:39:39","date_gmt":"2025-12-29T10:39:39","guid":{"rendered":"https:\/\/serwer402693.lh.pl\/autoinstalator\/serwer402693.lh.pl\/wordpress143475\/?page_id=66"},"modified":"2026-02-10T10:22:07","modified_gmt":"2026-02-10T09:22:07","slug":"strona-glowna","status":"publish","type":"page","link":"https:\/\/plakatdziecka.pl\/","title":{"rendered":"Strona g\u0142\u00f3wna"},"content":{"rendered":"\n<div class=\"wp-block-columns is-layout-flex wp-container-core-columns-is-layout-28f84493 wp-block-columns-is-layout-flex\">\n<div class=\"wp-block-column is-vertically-aligned-center is-layout-flow wp-block-column-is-layout-flow\">\n<figure class=\"wp-block-image aligncenter size-large has-custom-border is-style-default hero-img-strona-glowna wp-duotone-unset-1\" style=\"margin-top:0;margin-bottom:0\"><img loading=\"lazy\" decoding=\"async\" width=\"1024\" height=\"1024\" src=\"https:\/\/plakatdziecka.pl\/wp-content\/uploads\/2025\/12\/jpg-strona-glowna-zdjecie-1024x1024.jpg\" alt=\"\" class=\"has-border-color wp-image-77\" style=\"border-color:var(--theme-palette-color-3, #1d1c1a);border-top-left-radius:10px;border-top-right-radius:10px;border-bottom-left-radius:10px;border-bottom-right-radius:10px;aspect-ratio:1;object-fit:cover\" srcset=\"https:\/\/plakatdziecka.pl\/wp-content\/uploads\/2025\/12\/jpg-strona-glowna-zdjecie-1024x1024.jpg 1024w, https:\/\/plakatdziecka.pl\/wp-content\/uploads\/2025\/12\/jpg-strona-glowna-zdjecie-300x300.jpg 300w, https:\/\/plakatdziecka.pl\/wp-content\/uploads\/2025\/12\/jpg-strona-glowna-zdjecie-150x150.jpg 150w, https:\/\/plakatdziecka.pl\/wp-content\/uploads\/2025\/12\/jpg-strona-glowna-zdjecie-768x768.jpg 768w, https:\/\/plakatdziecka.pl\/wp-content\/uploads\/2025\/12\/jpg-strona-glowna-zdjecie.jpg 1500w\" sizes=\"auto, (max-width: 1024px) 100vw, 1024px\" \/><\/figure>\n<\/div>\n\n\n\n<div class=\"wp-block-column is-layout-flow wp-block-column-is-layout-flow\" style=\"flex-basis:48px\"><\/div>\n\n\n\n<div class=\"wp-block-column is-vertically-aligned-center is-layout-flow wp-block-column-is-layout-flow\">\n<h1 class=\"wp-block-heading\">Wyj\u0105tkowy plakat<br>Twojego dziecka<\/h1>\n\n\n\n<p style=\"font-size:clamp(15.747px, 0.984rem + ((1vw - 3.2px) * 0.645), 24px);\">Stworzony w wybranym stylu, z <mark style=\"background-color:rgba(0, 0, 0, 0)\" class=\"has-inline-color has-palette-color-5-color\">odwzorowan\u0105 twarz\u0105<\/mark> i wydrukowany na wysokiej jako\u015bci papierze.<br>\u015awietny prezent, kt\u00f3ry zatrzymuje wspomnienia na lata.<\/p>\n\n\n\n<div class=\"wp-block-columns is-layout-flex wp-container-core-columns-is-layout-28f84493 wp-block-columns-is-layout-flex\">\n<div class=\"wp-block-column is-layout-flow wp-block-column-is-layout-flow\">\n<div class=\"wp-block-buttons is-content-justification-center is-layout-flex wp-container-core-buttons-is-layout-a89b3969 wp-block-buttons-is-layout-flex\">\n<div class=\"wp-block-button has-custom-width wp-block-button__width-50 is-style-outline is-style-outline--2\"><a class=\"wp-block-button__link has-palette-color-3-color has-palette-color-4-background-color has-text-color has-background has-link-color has-border-color has-palette-color-3-border-color wp-element-button\" style=\"border-width:2px;padding-top:var(--wp--preset--spacing--20);padding-bottom:var(--wp--preset--spacing--20)\">Jak to dzia\u0142a?<\/a><\/div>\n\n\n\n<div class=\"wp-block-button has-custom-width wp-block-button__width-50 btn-primary is-style-fill\"><a class=\"wp-block-button__link has-palette-color-3-color has-palette-color-5-background-color has-text-color has-background has-link-color wp-element-button\" style=\"padding-top:var(--wp--preset--spacing--20);padding-right:0;padding-bottom:var(--wp--preset--spacing--20);padding-left:0\">Sprawd\u017a galeri\u0119<\/a><\/div>\n<\/div>\n<\/div>\n<\/div>\n<\/div>\n<\/div>\n\n\n\n<div class=\"wp-block-columns is-layout-flex wp-container-core-columns-is-layout-28f84493 wp-block-columns-is-layout-flex\" style=\"border-top-left-radius:0px;border-top-right-radius:0px;border-bottom-left-radius:0px;border-bottom-right-radius:0px\">\n<div class=\"wp-block-column is-layout-flow wp-block-column-is-layout-flow\">\n<div style=\"height:101px\" aria-hidden=\"true\" class=\"wp-block-spacer\"><\/div>\n<\/div>\n\n\n\n<div class=\"wp-block-column is-layout-flow wp-block-column-is-layout-flow\"><\/div>\n<\/div>\n\n\n\n<div class=\"wp-block-columns is-layout-flex wp-container-core-columns-is-layout-28f84493 wp-block-columns-is-layout-flex\">\n<div class=\"wp-block-column is-layout-flow wp-block-column-is-layout-flow\">\n<figure class=\"wp-block-image size-large is-resized\"><img loading=\"lazy\" decoding=\"async\" width=\"1024\" height=\"585\" src=\"https:\/\/serwer402693.lh.pl\/autoinstalator\/serwer402693.lh.pl\/wordpress143475\/wp-content\/uploads\/2025\/12\/Jakosc-1024x585.jpg\" alt=\"\" class=\"wp-image-122\" style=\"aspect-ratio:16\/9;object-fit:cover;width:1024px\" srcset=\"https:\/\/plakatdziecka.pl\/wp-content\/uploads\/2025\/12\/Jakosc-1024x585.jpg 1024w, https:\/\/plakatdziecka.pl\/wp-content\/uploads\/2025\/12\/Jakosc-300x171.jpg 300w, https:\/\/plakatdziecka.pl\/wp-content\/uploads\/2025\/12\/Jakosc-768x439.jpg 768w, https:\/\/plakatdziecka.pl\/wp-content\/uploads\/2025\/12\/Jakosc-1536x878.jpg 1536w, https:\/\/plakatdziecka.pl\/wp-content\/uploads\/2025\/12\/Jakosc-2048x1170.jpg 2048w\" sizes=\"auto, (max-width: 1024px) 100vw, 1024px\" \/><\/figure>\n\n\n\n<h2 class=\"wp-block-heading\">Druk premium<br>260g<\/h2>\n\n\n\n<p>Drukujemy na <mark style=\"background-color:rgba(0, 0, 0, 0)\" class=\"has-inline-color has-palette-color-5-color\">papierze fotograficznym 260 g<\/mark> o <mark style=\"background-color:rgba(0, 0, 0, 0)\" class=\"has-inline-color has-palette-color-5-color\">b\u0142yszcz\u0105cym wyko\u0144czeniu<\/mark>, kt\u00f3ry podkre\u015bla detale i zapewnia \u017cywe, g\u0142\u0119bokie kolory.<\/p>\n<\/div>\n\n\n\n<div class=\"wp-block-column is-layout-flow wp-block-column-is-layout-flow\">\n<figure class=\"wp-block-image size-large is-resized\"><img loading=\"lazy\" decoding=\"async\" width=\"1024\" height=\"585\" src=\"https:\/\/serwer402693.lh.pl\/autoinstalator\/serwer402693.lh.pl\/wordpress143475\/wp-content\/uploads\/2026\/01\/Odzworowanie-zdjecia-1024x585.jpg\" alt=\"\" class=\"wp-image-127\" style=\"aspect-ratio:16\/9;object-fit:cover;width:1024px\" srcset=\"https:\/\/plakatdziecka.pl\/wp-content\/uploads\/2026\/01\/Odzworowanie-zdjecia-1024x585.jpg 1024w, https:\/\/plakatdziecka.pl\/wp-content\/uploads\/2026\/01\/Odzworowanie-zdjecia-300x171.jpg 300w, https:\/\/plakatdziecka.pl\/wp-content\/uploads\/2026\/01\/Odzworowanie-zdjecia-768x439.jpg 768w, https:\/\/plakatdziecka.pl\/wp-content\/uploads\/2026\/01\/Odzworowanie-zdjecia-1536x878.jpg 1536w, https:\/\/plakatdziecka.pl\/wp-content\/uploads\/2026\/01\/Odzworowanie-zdjecia-2048x1170.jpg 2048w\" sizes=\"auto, (max-width: 1024px) 100vw, 1024px\" \/><\/figure>\n\n\n\n<h2 class=\"wp-block-heading\">Odwzorowanie<br>twarzy<\/h2>\n\n\n\n<p><mark style=\"background-color:rgba(0, 0, 0, 0)\" class=\"has-inline-color has-palette-color-5-color\">Twarz<\/mark> dziecka na plakacie zachowuje cechy z przes\u0142anego zdj\u0119cia \u2014 <mark style=\"background-color:rgba(0, 0, 0, 0)\" class=\"has-inline-color has-palette-color-5-color\">jest rozpoznawalna i wiernie odwzorowana<\/mark>, a ca\u0142a grafika wygl\u0105da sp\u00f3jnie i naturalnie.<\/p>\n<\/div>\n\n\n\n<div class=\"wp-block-column is-layout-flow wp-block-column-is-layout-flow\">\n<figure class=\"wp-block-image size-large is-resized\"><img loading=\"lazy\" decoding=\"async\" width=\"1024\" height=\"576\" src=\"http:\/\/serwer402693.lh.pl\/autoinstalator\/serwer402693.lh.pl\/wordpress143475\/wp-content\/uploads\/2025\/12\/Rozne-style-grafika-1-1024x576.jpg\" alt=\"\" class=\"wp-image-120\" style=\"aspect-ratio:16\/9;object-fit:cover;width:1024px\" srcset=\"https:\/\/plakatdziecka.pl\/wp-content\/uploads\/2025\/12\/Rozne-style-grafika-1-1024x576.jpg 1024w, https:\/\/plakatdziecka.pl\/wp-content\/uploads\/2025\/12\/Rozne-style-grafika-1-300x169.jpg 300w, https:\/\/plakatdziecka.pl\/wp-content\/uploads\/2025\/12\/Rozne-style-grafika-1-768x432.jpg 768w, https:\/\/plakatdziecka.pl\/wp-content\/uploads\/2025\/12\/Rozne-style-grafika-1-1536x864.jpg 1536w, https:\/\/plakatdziecka.pl\/wp-content\/uploads\/2025\/12\/Rozne-style-grafika-1-2048x1153.jpg 2048w\" sizes=\"auto, (max-width: 1024px) 100vw, 1024px\" \/><\/figure>\n\n\n\n<h2 class=\"wp-block-heading\">Scena w<br>dowolnym stylu<\/h2>\n\n\n\n<p>Dinozaury, kosmos, bajka, sport, superbohaterowie, styl komiksowy \u2014 tworzymy <mark style=\"background-color:rgba(0, 0, 0, 0)\" class=\"has-inline-color has-palette-color-5-color\">dowoln\u0105 sceneri\u0119 oraz styl<\/mark> dopasowan\u0105 do marze\u0144 dziecka.<\/p>\n<\/div>\n<\/div>\n\n\n\n<p><\/p>\n","protected":false},"excerpt":{"rendered":"<p>Wyj\u0105tkowy plakatTwojego dziecka Stworzony w wybranym stylu, z odwzorowan\u0105 twarz\u0105 i wydrukowany na wysokiej jako\u015bci papierze.\u015awietny prezent, kt\u00f3ry zatrzymuje wspomnienia na lata. Druk premium260g Drukujemy na papierze fotograficznym 260 g o b\u0142yszcz\u0105cym wyko\u0144czeniu, kt\u00f3ry podkre\u015bla detale i zapewnia \u017cywe, g\u0142\u0119bokie kolory. Odwzorowanietwarzy Twarz dziecka na plakacie zachowuje cechy z przes\u0142anego zdj\u0119cia \u2014 jest rozpoznawalna i [&hellip;]<\/p>\n","protected":false},"author":1,"featured_media":0,"parent":0,"menu_order":0,"comment_status":"closed","ping_status":"closed","template":"","meta":{"footnotes":""},"class_list":["post-66","page","type-page","status-publish","hentry"],"blocksy_meta":[],"_links":{"self":[{"href":"https:\/\/plakatdziecka.pl\/index.php\/wp-json\/wp\/v2\/pages\/66","targetHints":{"allow":["GET"]}}],"collection":[{"href":"https:\/\/plakatdziecka.pl\/index.php\/wp-json\/wp\/v2\/pages"}],"about":[{"href":"https:\/\/plakatdziecka.pl\/index.php\/wp-json\/wp\/v2\/types\/page"}],"author":[{"embeddable":true,"href":"https:\/\/plakatdziecka.pl\/index.php\/wp-json\/wp\/v2\/users\/1"}],"replies":[{"embeddable":true,"href":"https:\/\/plakatdziecka.pl\/index.php\/wp-json\/wp\/v2\/comments?post=66"}],"version-history":[{"count":38,"href":"https:\/\/plakatdziecka.pl\/index.php\/wp-json\/wp\/v2\/pages\/66\/revisions"}],"predecessor-version":[{"id":145,"href":"https:\/\/plakatdziecka.pl\/index.php\/wp-json\/wp\/v2\/pages\/66\/revisions\/145"}],"wp:attachment":[{"href":"https:\/\/plakatdziecka.pl\/index.php\/wp-json\/wp\/v2\/media?parent=66"}],"curies":[{"name":"wp","href":"https:\/\/api.w.org\/{rel}","templated":true}]}}